{"id":98,"date":"2012-09-04T20:57:16","date_gmt":"2012-09-04T19:57:16","guid":{"rendered":"http:\/\/www.imelasavoie.fr\/?page_id=98"},"modified":"2020-09-22T16:01:06","modified_gmt":"2020-09-22T15:01:06","slug":"presentation","status":"publish","type":"page","link":"https:\/\/www.imelasavoie.fr\/","title":{"rendered":"Pr\u00e9sentation"},"content":{"rendered":"<p style=\"text-align: left;\">Ce blog a \u00e9t\u00e9 cr\u00e9\u00e9 pour que chaque \u00e9l\u00e8ve puisse utiliser l&rsquo;outil informatique et internet, afin de vous faire partager leur travail en classe, en atelier et sur les groupes. n&rsquo;h\u00e9sitez pas \u00e0 mettre un petit commentaire&#8230;<\/p>\n<p style=\"text-align: left;\">\u00a0<img loading=\"lazy\" decoding=\"async\" id=\"il_fi\" class=\"aligncenter\" src=\"http:\/\/www.lespep01.org\/IMG\/siteon0.png?1420902112\" alt=\"\" width=\"321\" height=\"227\" \/><\/p>\n","protected":false},"excerpt":{"rendered":"<p>Ce blog a \u00e9t\u00e9 cr\u00e9\u00e9 pour que chaque \u00e9l\u00e8ve puisse utiliser l&rsquo;outil informatique et internet, afin de vous faire partager leur travail en classe, en atelier et sur les groupes. n&rsquo;h\u00e9sitez pas \u00e0 mettre un petit commentaire&#8230; \u00a0<\/p>\n","protected":false},"author":1,"featured_media":0,"parent":0,"menu_order":0,"comment_status":"open","ping_status":"closed","template":"","meta":{"footnotes":""},"class_list":["post-98","page","type-page","status-publish","hentry"],"_links":{"self":[{"href":"https:\/\/www.imelasavoie.fr\/index.php?rest_route=\/wp\/v2\/pages\/98","targetHints":{"allow":["GET"]}}],"collection":[{"href":"https:\/\/www.imelasavoie.fr\/index.php?rest_route=\/wp\/v2\/pages"}],"about":[{"href":"https:\/\/www.imelasavoie.fr\/index.php?rest_route=\/wp\/v2\/types\/page"}],"author":[{"embeddable":true,"href":"https:\/\/www.imelasavoie.fr\/index.php?rest_route=\/wp\/v2\/users\/1"}],"replies":[{"embeddable":true,"href":"https:\/\/www.imelasavoie.fr\/index.php?rest_route=%2Fwp%2Fv2%2Fcomments&post=98"}],"version-history":[{"count":0,"href":"https:\/\/www.imelasavoie.fr\/index.php?rest_route=\/wp\/v2\/pages\/98\/revisions"}],"wp:attachment":[{"href":"https:\/\/www.imelasavoie.fr\/index.php?rest_route=%2Fwp%2Fv2%2Fmedia&parent=98"}],"curies":[{"name":"wp","href":"https:\/\/api.w.org\/{rel}","templated":true}]}}